{"id":470,"date":"2017-03-20T17:15:20","date_gmt":"2017-03-20T16:15:20","guid":{"rendered":"http:\/\/geschwister-niederbacher.com\/cms\/?page_id=470"},"modified":"2020-11-30T16:02:44","modified_gmt":"2020-11-30T15:02:44","slug":"biografie","status":"publish","type":"page","link":"http:\/\/geschwister-niederbacher.com\/cms\/?page_id=470","title":{"rendered":"Biografie"},"content":{"rendered":"<p><strong>Die Geschwister Niederbacher- Sympathische Bergeskinder mit Musik im Blut<\/strong><\/p>\n<p>Ehrlichkeit, Authentizit\u00e4t, Herzlichkeit, Bodenst\u00e4ndigkeit und die Liebe zur Musik zeichnen erfolgreiche<\/p>\n<p>Interpreten aus.<\/p>\n<p>Zu diesen Interpreten z\u00e4hlen zweifelsohne die Geschwister Niederbacher. Seit ihrer<\/p>\n<p>Gr\u00fcndung im Jahr 2008 singen Sie sich in das Herz ihres Publikums.<\/p>\n<p>Denn \u201e Gemeinsam\u201c bilden sie auf der B\u00fchne eine Einheit.<\/p>\n<p>In ihrer einmaligen Besetzung \u00fcberzeugen die S\u00fcdtiroler mit Gitarre, Steirische<\/p>\n<p>Harmonika, Bassgeige, Akkordeon und glockenklaren Stimmen.<\/p>\n<p>Bereits in ihrem Gr\u00fcndungsjahr nahmen die Musikanten erfolgreich beim internationalen<\/p>\n<p>Finale des Grand Prix der Volksmusik teil.<\/p>\n<p>Im Jahr 2010 belegten die Geschwister den zweiten Platz beim Grand Prix der Volksmusik<\/p>\n<p>mit ihrer Erfolgsmelodie\u201c Ein Lied f\u00fcr Mama.\u201c<\/p>\n<p>In ihren Liedern geht es um Geschichten, welche das Leben und ihre Heimat das<\/p>\n<p>Pustertal erz\u00e4hlen. Ihre bisher ver\u00f6ffentlichen Produktionen \u201e Gemeinsam\u201c, \u201e Ein Lied f\u00fcr Mama\u201c , \u201c Im<\/p>\n<p>Garten der Rosen\u201c, \u201e Lebenslust und Bergesh\u00f6hn\u201c, \u201e Manchmal schweigen auch die Berge\u201c, \u201cEs begann<\/p>\n<p>vor vielen Jahren\u201c und \u201e Bergeskinder aus Tirol\u201c spiegeln ihren erfolgreichen musikalischen<\/p>\n<p>Weg wieder.<\/p>\n<p>In einem Portrait beim S\u00fcdtiroler Sender Rai Bozen wurde ihre \u201e Musig-Zeit\u201c aufgezeigt.<\/p>\n<p>Ebenso k\u00f6nnen die Geschwister Niederbacher zwei DVD Produktionen mit sch\u00f6n<\/p>\n<p>verfilmten Musiktiteln ihr eigen nennen.<\/p>\n<p>F\u00fcr die Familie Niederbacher, welche bereits in der zweiten Generation Volksmusik mit<\/p>\n<p>Herz pr\u00e4sentiert ist es wichtig das Publikum bei einem Konzert best m\u00f6glichst zu<\/p>\n<p>unterhalten. Bereits in der ersten Generation begeisterten Walter und Hans Niederbacher<\/p>\n<p>ihr Publikum mit sch\u00f6nen Volksweisen aus den Dolomiten. Die erste Generation der<\/p>\n<p>Formation wurde bereist 1970 gegr\u00fcndet und legte den Grundstein f\u00fcr eine erfolgreiche<\/p>\n<p>Musikantendynastie. Mit ihren Erfolgsmelodien wie \u201e S\u00fcdtirol Edelwei\u00dfland\u201c , \u201eDas kleine Edelwei\u00df&#8220;<\/p>\n<p>ver\u00f6ffentlichten sie Melodien, welche auch Jahrzehnte sp\u00e4ter nichts von ihrem Glanz<\/p>\n<p>verloren haben. Die musikalische Familie aus dem Pustertal steht somit f\u00fcr beste<\/p>\n<p>volkst\u00fcmliche Unterhaltung seit Jahrzehnten!<\/p>\n<p>In ihrem musikalischen Programm pr\u00e4sentieren Andrea, Angelika, Christina und Manfred<\/p>\n<p>neben ihren eigenen Erfolgsmelodien wie dem vergoldeten Grand Prix Vize Siegertitel<\/p>\n<p>aus dem Jahre 2010 &#8222;Ein Lied f\u00fcr Mama&#8220; auch die sch\u00f6nsten Melodien der ersten<\/p>\n<p>Generation sowie Volkslieder aus den Bergen.<\/p>\n<p>Auf vielen volkst\u00fcmlichen Tourneen wie der Musikantenparade, das Ladinerfest, der Heimatgef\u00fchle<\/p>\n<p>Tournee, dem gro\u00dfen Stadlfest konnten sie ihre Klasse beweisen und somit z\u00e4hlen sie<\/p>\n<p>l\u00e4ngst zu den gefragtesten Interpreten im Tourneegesch\u00e4ft.<\/p>\n<p>Zu ihrem Open Air ins Pustertal reisen viele Musikfreunde aus nah und fern.<\/p>\n<p>Sie genie\u00dfen hierbei Musik f\u00fcrs Herz vor der atemberaubenden Kulisse der Dolomiten.<\/p>\n<p>In zahlreichen TV Formaten wie dem Grand Prix der Volksmusik, Schlagerspa\u00df mit Andy Borg,<\/p>\n<p>Melodien der Berge, Melodie TV, oder Licht ins Dunkel durften die sympathischen Musikanten<\/p>\n<p>schon zu Gast sein und die TV Zuschauer in ihren Bann ziehen.<\/p>\n<p>Ihre Musik findet auch gro\u00dfen Anklang in diversen Radiostationen im Inn und Ausland.<\/p>\n<p>Trotz ihres gro\u00dfen musikalischen Erfolges haben die vier Musikanten aus dem Pustertal,<\/p>\n<p>ihre Bodenst\u00e4ndigkeit und Herzlichkeit nie verloren. F\u00fcr den Verdienst um die Volksmusik<\/p>\n<p>wurden die Musiker mit der Meraner Rose ausgezeichnet.<\/p>\n<p>Die Heimat und ihre Familien geben ihnen Kraft und Erdung, denn die Geschwister<\/p>\n<p>Niederbacher sind und bleiben immer &#8222;Bergeskinder aus Tirol .&#8220;<\/p>\n","protected":false},"excerpt":{"rendered":"<p>Die Geschwister Niederbacher- Sympathische Bergeskinder mit Musik im Blut Ehrlichkeit, Authentizit\u00e4t, Herzlichkeit, Bodenst\u00e4ndigkeit und die Liebe zur Musik zeichnen erfolgreiche Interpreten aus. Zu diesen Interpreten z\u00e4hlen zweifelsohne die Geschwister Niederbacher. Seit ihrer Gr\u00fcndung im Jahr 2008 singen Sie sich in das Herz ihres Publikums. Denn \u201e Gemeinsam\u201c bilden sie auf der B\u00fchne eine Einheit. In [&hellip;]<\/p>\n","protected":false},"author":1,"featured_media":2692,"parent":0,"menu_order":0,"comment_status":"closed","ping_status":"closed","template":"template-fullwidth.php","meta":{"footnotes":""},"_links":{"self":[{"href":"http:\/\/geschwister-niederbacher.com\/cms\/index.php?rest_route=\/wp\/v2\/pages\/470"}],"collection":[{"href":"http:\/\/geschwister-niederbacher.com\/cms\/index.php?rest_route=\/wp\/v2\/pages"}],"about":[{"href":"http:\/\/geschwister-niederbacher.com\/cms\/index.php?rest_route=\/wp\/v2\/types\/page"}],"author":[{"embeddable":true,"href":"http:\/\/geschwister-niederbacher.com\/cms\/index.php?rest_route=\/wp\/v2\/users\/1"}],"replies":[{"embeddable":true,"href":"http:\/\/geschwister-niederbacher.com\/cms\/index.php?rest_route=%2Fwp%2Fv2%2Fcomments&post=470"}],"version-history":[{"count":10,"href":"http:\/\/geschwister-niederbacher.com\/cms\/index.php?rest_route=\/wp\/v2\/pages\/470\/revisions"}],"predecessor-version":[{"id":2695,"href":"http:\/\/geschwister-niederbacher.com\/cms\/index.php?rest_route=\/wp\/v2\/pages\/470\/revisions\/2695"}],"wp:featuredmedia":[{"embeddable":true,"href":"http:\/\/geschwister-niederbacher.com\/cms\/index.php?rest_route=\/wp\/v2\/media\/2692"}],"wp:attachment":[{"href":"http:\/\/geschwister-niederbacher.com\/cms\/index.php?rest_route=%2Fwp%2Fv2%2Fmedia&parent=470"}],"curies":[{"name":"wp","href":"https:\/\/api.w.org\/{rel}","templated":true}]}}