{"id":252,"date":"2015-10-28T12:12:09","date_gmt":"2015-10-28T12:12:09","guid":{"rendered":"http:\/\/www.cssigniter.com\/preview\/oscillator\/?page_id=252"},"modified":"2019-01-18T14:51:40","modified_gmt":"2019-01-18T13:51:40","slug":"contact","status":"publish","type":"page","link":"http:\/\/geschwister-niederbacher.com\/cms\/?page_id=252","title":{"rendered":"Kontakt &#038; Buchung"},"content":{"rendered":"<h2><strong>K\u00fcnstler &#8211; Management &#8211; Booking<\/strong><\/h2>\n<p><img decoding=\"async\" loading=\"lazy\" class=\"alignnone size-medium wp-image-2033\" src=\"http:\/\/geschwister-niederbacher.com\/cms\/wp-content\/uploads\/2015\/10\/PK-VS-Geschwister-Niederbacher-2018-VS-216x300.jpg\" alt=\"\" width=\"216\" height=\"300\" srcset=\"http:\/\/geschwister-niederbacher.com\/cms\/wp-content\/uploads\/2015\/10\/PK-VS-Geschwister-Niederbacher-2018-VS-216x300.jpg 216w, http:\/\/geschwister-niederbacher.com\/cms\/wp-content\/uploads\/2015\/10\/PK-VS-Geschwister-Niederbacher-2018-VS-768x1066.jpg 768w, http:\/\/geschwister-niederbacher.com\/cms\/wp-content\/uploads\/2015\/10\/PK-VS-Geschwister-Niederbacher-2018-VS-738x1024.jpg 738w, http:\/\/geschwister-niederbacher.com\/cms\/wp-content\/uploads\/2015\/10\/PK-VS-Geschwister-Niederbacher-2018-VS-750x1041.jpg 750w, http:\/\/geschwister-niederbacher.com\/cms\/wp-content\/uploads\/2015\/10\/PK-VS-Geschwister-Niederbacher-2018-VS.jpg 1311w\" sizes=\"(max-width: 216px) 100vw, 216px\" \/><\/p>\n<hr \/>\n<p>&nbsp;<\/p>\n<hr \/>\n<h3><strong>Kontakt f\u00fcr Konzertbuchungen in S\u00fcdtirol und im Ausland<br \/>\n<\/strong><\/h3>\n<hr \/>\n<p>Geschwister Niederbacher<br \/>\nOberbacherhof Nr. 9<br \/>\nIT &#8211; 39030 M\u00fchlbach \/ Gais (BZ)<br \/>\nS\u00fcdtirol<br \/>\nMobil: +39 349 6151598<br \/>\nE-Mail:<a href=\"mailto:info@geschwister-niederbacher.com\"> info@geschwister-niederbacher.com<\/a><\/p>\n<hr \/>\n<h3><strong>AUTOGRAMMWUNSCH<\/strong><\/h3>\n<hr \/>\n<p>Um ein Autogramm von &#8222;den Geschwistern Niederbachern &#8220; zu erhalten, schicken Sie bitte einfach einen Brief mit <strong>frankiertem R\u00fcckumschlag<\/strong>, an oben genannte Adresse. F\u00fcr Autogrammw\u00fcnsche aus dem Ausland legen Sie bitte einen internationalen Antwortschein bei. <strong>Autogrammw\u00fcnsche \u00fcber E-Mail sind leider nicht m\u00f6glich.<\/strong><\/p>\n","protected":false},"excerpt":{"rendered":"<p>K\u00fcnstler &#8211; Management &#8211; Booking &nbsp; Kontakt f\u00fcr Konzertbuchungen in S\u00fcdtirol und im Ausland Geschwister Niederbacher Oberbacherhof Nr. 9 IT &#8211; 39030 M\u00fchlbach \/ Gais (BZ) S\u00fcdtirol Mobil: +39 349 6151598 E-Mail: info@geschwister-niederbacher.com AUTOGRAMMWUNSCH Um ein Autogramm von &#8222;den Geschwistern Niederbachern &#8220; zu erhalten, schicken Sie bitte einfach einen Brief mit frankiertem R\u00fcckumschlag, an oben [&hellip;]<\/p>\n","protected":false},"author":1,"featured_media":0,"parent":0,"menu_order":0,"comment_status":"closed","ping_status":"closed","template":"template-fullwidth.php","meta":{"footnotes":""},"_links":{"self":[{"href":"http:\/\/geschwister-niederbacher.com\/cms\/index.php?rest_route=\/wp\/v2\/pages\/252"}],"collection":[{"href":"http:\/\/geschwister-niederbacher.com\/cms\/index.php?rest_route=\/wp\/v2\/pages"}],"about":[{"href":"http:\/\/geschwister-niederbacher.com\/cms\/index.php?rest_route=\/wp\/v2\/types\/page"}],"author":[{"embeddable":true,"href":"http:\/\/geschwister-niederbacher.com\/cms\/index.php?rest_route=\/wp\/v2\/users\/1"}],"replies":[{"embeddable":true,"href":"http:\/\/geschwister-niederbacher.com\/cms\/index.php?rest_route=%2Fwp%2Fv2%2Fcomments&post=252"}],"version-history":[{"count":9,"href":"http:\/\/geschwister-niederbacher.com\/cms\/index.php?rest_route=\/wp\/v2\/pages\/252\/revisions"}],"predecessor-version":[{"id":2032,"href":"http:\/\/geschwister-niederbacher.com\/cms\/index.php?rest_route=\/wp\/v2\/pages\/252\/revisions\/2032"}],"wp:attachment":[{"href":"http:\/\/geschwister-niederbacher.com\/cms\/index.php?rest_route=%2Fwp%2Fv2%2Fmedia&parent=252"}],"curies":[{"name":"wp","href":"https:\/\/api.w.org\/{rel}","templated":true}]}}